{"id":410,"date":"2025-04-18T12:18:03","date_gmt":"2025-04-18T15:18:03","guid":{"rendered":"https:\/\/ebook.editoraorsamaggiore.com.br\/?post_type=product&#038;p=410"},"modified":"2025-04-25T09:09:41","modified_gmt":"2025-04-25T12:09:41","slug":"veiculos-automotores-uma-visao-de-engenharia","status":"publish","type":"product","link":"https:\/\/ebook.editoraorsamaggiore.com.br\/?product=veiculos-automotores-uma-visao-de-engenharia","title":{"rendered":"Ve\u00edculos automotores: uma vis\u00e3o de engenharia"},"content":{"rendered":"<p>S\u00e3o considerados os ve\u00edculos automotores terrestres equipados com quatro rodas e pneum\u00e1ticos de borracha, independentemente de serem \u00e0 combust\u00e3o ou el\u00e9tricos.<br \/>\n\u200bEste livro d\u00e1 suporte \u00e0s disciplinas de gradua\u00e7\u00e3o em engenharia, em especial a mec\u00e2nica, bem como para engenheiros e t\u00e9cnicos das ind\u00fastrias automotiva e de autope\u00e7as.<\/p>\n<p>T\u00edtulo: Ve\u00edculos automotores: uma vis\u00e3o de engenharia<br \/>\nAutores: Lauro Cesar Nicolazzi, Dr.Eng.; Edison da Rosa, Dr.Eng.; Longuinho da Costa Machado Leal. MSc.<br \/>\nEditora: Orsa Maggiore<br \/>\nAno: 2023<br \/>\nP\u00e1ginas: 328<br \/>\nLivro colorido, capa dura<br \/>\n230 figuras e gr\u00e1ficos<br \/>\nDimens\u00f5es: 21 x 27 cm,<br \/>\nISBN 978-65-993681-6-5<\/p>\n<p>Lista de conte\u00fado:<br \/>\nOs autores descrevem e apresentam modelos do funcionamento de diversos subsistemas:<br \/>\nPneus \u2013 carca\u00e7a, carregamento, capacidade de carga, caminh\u00f5es e \u00f4nibus;<br \/>\nFor\u00e7as no ve\u00edculo em movimento \u2013 in\u00e9rcia, aerodin\u00e2mica, sustenta\u00e7\u00e3o;<br \/>\nTransmiss\u00e3o de for\u00e7a na pista;<br \/>\nFrenagem \u2013 cargas nos eixos, mergulho na frenagem;<br \/>\nBalan\u00e7o de pot\u00eancia e diagramas de desempenho;<br \/>\nPrinc\u00edpios de carrocerias aerodin\u00e2micas;<br \/>\nDire\u00e7\u00e3o e estabilidade \u2013 em retas, sob vento. Elementos mec\u00e2nicos.<br \/>\nSistemas de dire\u00e7\u00e3o;<br \/>\nSuspens\u00f5es planas \u2013 din\u00e2mica de carga, exemplos de c\u00e1lculo;<br \/>\nDin\u00e2mica vertical \u2013 modelos de ve\u00edculo de 1, 2, 4 ou 7 graus de liberdade.<br \/>\nSuspens\u00e3o independente<\/p>\n<p>Para comprar o LIVRO IMPRESSO e ver amostras de p\u00e1ginas, acesse https:\/\/editoraorsamaggiore.com.br<\/p>\n","protected":false},"excerpt":{"rendered":"<p>S\u00e3o considerados os ve\u00edculos automotores terrestres equipados com quatro rodas e pneum\u00e1ticos de borracha, independentemente de serem \u00e0 combust\u00e3o ou el\u00e9tricos.<br \/>\n\u200bEste livro d\u00e1 suporte \u00e0s disciplinas de gradua\u00e7\u00e3o em engenharia, em especial a mec\u00e2nica, bem como para engenheiros e t\u00e9cnicos das ind\u00fastrias automotiva e de autope\u00e7as.<\/p>\n","protected":false},"featured_media":411,"comment_status":"closed","ping_status":"closed","template":"","meta":[],"class_list":{"0":"post-410","1":"product","2":"type-product","3":"status-publish","4":"has-post-thumbnail","6":"product_cat-uncategorized","7":"latest_post","9":"first","10":"instock","11":"shipping-taxable","12":"purchasable","13":"product-type-simple"},"_links":{"self":[{"href":"https:\/\/ebook.editoraorsamaggiore.com.br\/index.php?rest_route=\/wp\/v2\/product\/410","targetHints":{"allow":["GET"]}}],"collection":[{"href":"https:\/\/ebook.editoraorsamaggiore.com.br\/index.php?rest_route=\/wp\/v2\/product"}],"about":[{"href":"https:\/\/ebook.editoraorsamaggiore.com.br\/index.php?rest_route=\/wp\/v2\/types\/product"}],"replies":[{"embeddable":true,"href":"https:\/\/ebook.editoraorsamaggiore.com.br\/index.php?rest_route=%2Fwp%2Fv2%2Fcomments&post=410"}],"wp:featuredmedia":[{"embeddable":true,"href":"https:\/\/ebook.editoraorsamaggiore.com.br\/index.php?rest_route=\/wp\/v2\/media\/411"}],"wp:attachment":[{"href":"https:\/\/ebook.editoraorsamaggiore.com.br\/index.php?rest_route=%2Fwp%2Fv2%2Fmedia&parent=410"}],"curies":[{"name":"wp","href":"https:\/\/api.w.org\/{rel}","templated":true}]}}