{"id":415,"date":"2025-04-18T12:24:06","date_gmt":"2025-04-18T15:24:06","guid":{"rendered":"https:\/\/ebook.editoraorsamaggiore.com.br\/?post_type=product&#038;p=415"},"modified":"2025-04-25T09:10:44","modified_gmt":"2025-04-25T12:10:44","slug":"exercicios-resolvidos-de-resistencia-dos-materiais-e-mecanica-dos-solidos","status":"publish","type":"product","link":"https:\/\/ebook.editoraorsamaggiore.com.br\/?product=exercicios-resolvidos-de-resistencia-dos-materiais-e-mecanica-dos-solidos","title":{"rendered":"Exerc\u00edcios resolvidos de Resist\u00eancia dos Materiais e Mec\u00e2nica dos S\u00f3lidos"},"content":{"rendered":"<p>O presente livro apresenta uma colet\u00e2nea solu\u00e7\u00f5es de problemas de Resist\u00eancia dos Materiais e de alguns t\u00f3picos de Mec\u00e2nica dos S\u00f3lidos, nos assuntos t\u00edpicos de disciplinas de gradua\u00e7\u00e3o em diversas \u00e1reas de engenharia.<\/p>\n<p>Na parte de Resist\u00eancia dos Materiais, s\u00e3o cobertos exerc\u00edcios de todos os itens desde determina\u00e7\u00e3o de esfor\u00e7os em estruturas de barras e vigas, passando por deforma\u00e7\u00f5es, tens\u00f5es, lei de Hooke, transforma\u00e7\u00e3o de tens\u00f5es e de deforma\u00e7\u00f5es, determina\u00e7\u00e3o de campos de tens\u00e3o e deslocamentos em problemas de tor\u00e7\u00e3o e de flex\u00e3o de vigas, problemas de carregamento combinado, de estabilidade e m\u00e9todos de energia pelo 2o Teorema de Castigliano.<\/p>\n<p>Adicionalmente, apresentam-se problemas associados a alguns casos de teoria de elasticidade plana, envolvendo tor\u00e7\u00e3o de tubos pressurizados de parede espessa, tor\u00e7\u00e3o em tubos de paredes delgadas abertas ou fechadas.<\/p>\n<p>Os cap\u00edtulos finais cobrem uma s\u00e9rie de problemas de treli\u00e7as e p\u00f3rticos planos usando o M\u00e9todo de Elementos Finitos.<\/p>\n<p>Todos os problemas apresentados e resolvidos s\u00e3o tomados das listas de problemas propostos nos cap\u00edtulos do livro Resist\u00eancia dos Materiais e fundamentos de Mec\u00e2nica dos S\u00f3lidos (impresso e digital), 2021, do mesmo autor. Em geral s\u00e3o tomados os problemas de n\u00fameros \u00edmpares. O conjunto completo de solu\u00e7\u00f5es \u00e9 dado num volume digital, de acesso apenas a professores, sem custo, atrav\u00e9s de solicita\u00e7\u00e3o direta \u00e0 Editora.<\/p>\n<p>T\u00edtulo: Exerc\u00edcios resolvidos de Resist\u00eancia dos Materiais e Mec\u00e2nica dos S\u00f3lidos<br \/>\nAutor: Paulo de Tarso R. Mendon\u00e7a, Ph.D.<br \/>\nEditora: Orsa Maggiore<br \/>\nAno: 2023<br \/>\nP\u00e1ginas: 224<\/p>\n<p>Lista de conte\u00fado:<br \/>\n1 Pref\u00e1cio<br \/>\n2 Esfor\u00e7os internos<br \/>\n3 Deforma\u00e7\u00f5es e tens\u00f5es<br \/>\n4 Transforma\u00e7\u00e3o de tens\u00f5es e deforma\u00e7\u00f5es<br \/>\n5 Crit\u00e9rios de falha<br \/>\n6 Tor\u00e7\u00e3o<br \/>\n7 Flex\u00e3o plana em vigas retas<br \/>\n8 Cisalhamento em vigas<br \/>\n9 Carregamentos combinados<br \/>\n10 Aplica\u00e7\u00f5es de elasticidade e plasticidade plana<br \/>\n11 Deflex\u00e3o de vigas<br \/>\n12 Estabilidade de colunas<br \/>\n13 M\u00e9todos de energia<br \/>\n14 Elementos Finitos para barras e treli\u00e7as<br \/>\n15 Elementos Finitos para vigas e p\u00f3rticos<\/p>\n<p>Para comprar o LIVRO IMPRESSO e ver amostras de p\u00e1ginas, acesse https:\/\/editoraorsamaggiore.com.br<\/p>\n","protected":false},"excerpt":{"rendered":"<p>O presente livro apresenta uma colet\u00e2nea solu\u00e7\u00f5es de problemas de Resist\u00eancia dos Materiais e de alguns t\u00f3picos de Mec\u00e2nica dos S\u00f3lidos, nos assuntos t\u00edpicos de disciplinas de gradua\u00e7\u00e3o em diversas \u00e1reas de engenharia. Na parte de Resist\u00eancia dos Materiais, s\u00e3o cobertos exerc\u00edcios de todos os itens desde determina\u00e7\u00e3o de esfor\u00e7os em estruturas de barras e &hellip; <\/p>\n","protected":false},"featured_media":416,"comment_status":"open","ping_status":"closed","template":"","meta":[],"class_list":{"0":"post-415","1":"product","2":"type-product","3":"status-publish","4":"has-post-thumbnail","6":"product_cat-uncategorized","7":"latest_post","9":"first","10":"instock","11":"shipping-taxable","12":"purchasable","13":"product-type-simple"},"_links":{"self":[{"href":"https:\/\/ebook.editoraorsamaggiore.com.br\/index.php?rest_route=\/wp\/v2\/product\/415","targetHints":{"allow":["GET"]}}],"collection":[{"href":"https:\/\/ebook.editoraorsamaggiore.com.br\/index.php?rest_route=\/wp\/v2\/product"}],"about":[{"href":"https:\/\/ebook.editoraorsamaggiore.com.br\/index.php?rest_route=\/wp\/v2\/types\/product"}],"replies":[{"embeddable":true,"href":"https:\/\/ebook.editoraorsamaggiore.com.br\/index.php?rest_route=%2Fwp%2Fv2%2Fcomments&post=415"}],"wp:featuredmedia":[{"embeddable":true,"href":"https:\/\/ebook.editoraorsamaggiore.com.br\/index.php?rest_route=\/wp\/v2\/media\/416"}],"wp:attachment":[{"href":"https:\/\/ebook.editoraorsamaggiore.com.br\/index.php?rest_route=%2Fwp%2Fv2%2Fmedia&parent=415"}],"curies":[{"name":"wp","href":"https:\/\/api.w.org\/{rel}","templated":true}]}}