{"id":54,"date":"2020-08-19T22:54:58","date_gmt":"2020-08-20T01:54:58","guid":{"rendered":"https:\/\/ebook.editoraorsamaggiore.com.br\/?post_type=product&#038;p=54"},"modified":"2020-09-09T12:00:45","modified_gmt":"2020-09-09T15:00:45","slug":"materiais-compostos-estruturas-sanduiche","status":"publish","type":"product","link":"https:\/\/ebook.editoraorsamaggiore.com.br\/?product=materiais-compostos-estruturas-sanduiche","title":{"rendered":"Materiais Compostos &#038; Estruturas-Sandu\u00edche"},"content":{"rendered":"<p><span style=\"font-weight: 400;\">LIVRO Materiais compostos e estruturas-sandu\u00edche &#8211; Projeto e an\u00e1lise<\/span><\/p>\n<p><span style=\"font-weight: 400;\">Compra da vers\u00e3o impressa e amostra de p\u00e1ginas dos cap\u00edtulos: https:\/\/editoraorsamaggiore.com.br<\/span><\/p>\n<p><span style=\"font-weight: 400;\">578 p\u00e1ginas.<\/span><\/p>\n<p>&nbsp;<\/p>\n<p><span style=\"font-weight: 400;\">Lista de conte\u00fado:<\/span><\/p>\n<p><span style=\"font-weight: 400;\">Pref\u00e1cio\u00a0<\/span><\/p>\n<p><span style=\"font-weight: 400;\">Lista de s\u00edmbolos\u00a0<\/span><\/p>\n<p><span style=\"font-weight: 400;\">Lista de tabelas, fluxogramas e sum\u00e1rios\u00a0<\/span><\/p>\n<p><span style=\"font-weight: 400;\">Unidades\u00a0<\/span><\/p>\n<p><span style=\"font-weight: 400;\">I Projeto de Compostos e Estruturas-sandu\u00edche\u00a0<\/span><\/p>\n<p><span style=\"font-weight: 400;\">1 Tipos e propriedades de compostos, fibras e matrizes\u00a0<\/span><\/p>\n<p><span style=\"font-weight: 400;\">2 Revis\u00e3o de elasticidade linear\u00a0<\/span><\/p>\n<p><span style=\"font-weight: 400;\">3 Micromec\u00e2nica de uma l\u00e2mina\u00a0<\/span><\/p>\n<p><span style=\"font-weight: 400;\">4 Macromec\u00e2nica de uma l\u00e2mina\u00a0<\/span><\/p>\n<p><span style=\"font-weight: 400;\">5 Viga delgada isotr\u00f3pica\u00a0<\/span><\/p>\n<p><span style=\"font-weight: 400;\">6 An\u00e1lise de um laminado\u00a0<\/span><\/p>\n<p><span style=\"font-weight: 400;\">7 Tens\u00f5es higrot\u00e9rmicas\u00a0<\/span><\/p>\n<p><span style=\"font-weight: 400;\">8 Projeto e an\u00e1lise de vigas laminadas\u00a0<\/span><\/p>\n<p><span style=\"font-weight: 400;\">9 Estruturas-sandu\u00edche\u00a0<\/span><\/p>\n<p><span style=\"font-weight: 400;\">10 Projeto de placas-sandu\u00edche\u00a0<\/span><\/p>\n<p><span style=\"font-weight: 400;\">II An\u00e1lise de Laminados e Estruturas-sandu\u00edche\u00a0<\/span><\/p>\n<p><span style=\"font-weight: 400;\">11 Formula\u00e7\u00e3o do problema de placas laminadas\u00a0<\/span><\/p>\n<p><span style=\"font-weight: 400;\">12 Flex\u00e3o de placas delgadas laminadas\u00a0<\/span><\/p>\n<p><span style=\"font-weight: 400;\">13 Tens\u00f5es interlaminares e teoria de primeira ordem\u00a0<\/span><\/p>\n<p><span style=\"font-weight: 400;\">14 Vibra\u00e7\u00f5es de placas laminadas\u00a0<\/span><\/p>\n<p><span style=\"font-weight: 400;\">15 An\u00e1lise de placas-sandu\u00edche\u00a0<\/span><\/p>\n<p><span style=\"font-weight: 400;\">16 Estabilidade e carga cr\u00edtica de flambagem\u00a0<\/span><\/p>\n<p><span style=\"font-weight: 400;\">17 Instabilidade local em pain\u00e9is-sandu\u00edche\u00a0<\/span><\/p>\n<p><span style=\"font-weight: 400;\">18 An\u00e1lise de compostos por elementos finitos de 1a ordem\u00a0<\/span><\/p>\n<p><span style=\"font-weight: 400;\">19 Teorias de ordem superior\u00a0<\/span><\/p>\n<p><span style=\"font-weight: 400;\">20 Modelos de camadas discretas e teorias zig-zag\u00a0<\/span><\/p>\n<p><span style=\"font-weight: 400;\">21 Piezoelasticidade e estruturas inteligentes\u00a0<\/span><\/p>\n<p><span style=\"font-weight: 400;\">Bibliografia\u00a0<\/span><\/p>\n<p><span style=\"font-weight: 400;\">\u00cdndice Remissivo<\/span><\/p>\n","protected":false},"excerpt":{"rendered":"<p>LIVRO Materiais compostos e estruturas-sandu\u00edche &#8211; Projeto e an\u00e1lise Compra da vers\u00e3o impressa e amostra de p\u00e1ginas dos cap\u00edtulos: https:\/\/editoraorsamaggiore.com.br 578 p\u00e1ginas. &nbsp; Lista de conte\u00fado: Pref\u00e1cio\u00a0 Lista de s\u00edmbolos\u00a0 Lista de tabelas, fluxogramas e sum\u00e1rios\u00a0 Unidades\u00a0 I Projeto de Compostos e Estruturas-sandu\u00edche\u00a0 1 Tipos e propriedades de compostos, fibras e matrizes\u00a0 2 Revis\u00e3o de &hellip; <\/p>\n","protected":false},"featured_media":55,"comment_status":"closed","ping_status":"closed","template":"","meta":[],"class_list":{"0":"post-54","1":"product","2":"type-product","3":"status-publish","4":"has-post-thumbnail","6":"product_cat-uncategorized","7":"latest_post","9":"first","10":"instock","11":"shipping-taxable","12":"purchasable","13":"product-type-simple"},"_links":{"self":[{"href":"https:\/\/ebook.editoraorsamaggiore.com.br\/index.php?rest_route=\/wp\/v2\/product\/54","targetHints":{"allow":["GET"]}}],"collection":[{"href":"https:\/\/ebook.editoraorsamaggiore.com.br\/index.php?rest_route=\/wp\/v2\/product"}],"about":[{"href":"https:\/\/ebook.editoraorsamaggiore.com.br\/index.php?rest_route=\/wp\/v2\/types\/product"}],"replies":[{"embeddable":true,"href":"https:\/\/ebook.editoraorsamaggiore.com.br\/index.php?rest_route=%2Fwp%2Fv2%2Fcomments&post=54"}],"wp:featuredmedia":[{"embeddable":true,"href":"https:\/\/ebook.editoraorsamaggiore.com.br\/index.php?rest_route=\/wp\/v2\/media\/55"}],"wp:attachment":[{"href":"https:\/\/ebook.editoraorsamaggiore.com.br\/index.php?rest_route=%2Fwp%2Fv2%2Fmedia&parent=54"}],"curies":[{"name":"wp","href":"https:\/\/api.w.org\/{rel}","templated":true}]}}