{"id":77,"date":"2020-08-24T15:05:47","date_gmt":"2020-08-24T18:05:47","guid":{"rendered":"https:\/\/ebook.editoraorsamaggiore.com.br\/?post_type=product&#038;p=77"},"modified":"2021-02-16T23:49:09","modified_gmt":"2021-02-17T02:49:09","slug":"resistencia-dos-materiais-e-fundamentos-de-mecnica-dos-solidos-versao-beta-parte-2","status":"publish","type":"product","link":"https:\/\/ebook.editoraorsamaggiore.com.br\/?product=resistencia-dos-materiais-e-fundamentos-de-mecnica-dos-solidos-versao-beta-parte-2","title":{"rendered":"Resist\u00eancia dos Materiais e Fundamentos de Mec\u00e2nica dos S\u00f3lidos &#8211; Parte 2"},"content":{"rendered":"<p><span style=\"font-weight: 400;\">LIVRO :<\/span><\/p>\n<p><span style=\"font-weight: 400;\">Resist\u00eancia dos Materiais e Fundamentos de Mec\u00e2nica dos S\u00f3lidos &#8211; Vers\u00e3o beta \u2013 <\/span><b>Parte 2<\/b><\/p>\n<p><span style=\"font-weight: 400;\">364 p\u00e1ginas. Cap\u00edtulos 10 a 17.<\/span><\/p>\n<p><span style=\"font-weight: 400;\">LIVRO :<\/span><\/p>\n<p><span style=\"font-weight: 400;\">Resist\u00eancia dos Materiais e Fundamentos de Mec\u00e2nica dos S\u00f3lidos &#8211; Vers\u00e3o beta<\/span><\/p>\n<p><span style=\"font-weight: 400;\">PARTE 2.<\/span><\/p>\n<p><span style=\"font-weight: 400;\">614 p\u00e1ginas.<\/span><\/p>\n<p>&nbsp;<\/p>\n<p><span style=\"font-weight: 400;\">Lista de conte\u00fado:<\/span><\/p>\n<p><span style=\"font-weight: 400;\">Prefacio\u00a0<\/span><\/p>\n<p><span style=\"font-weight: 400;\">10 Carregamentos combinados 333<\/span><\/p>\n<p><span style=\"font-weight: 400;\">11 * Aplica\u00e7\u00f5es de elasticidade e plasticidade plana 363<\/span><\/p>\n<p><span style=\"font-weight: 400;\">12 Deflex\u00e3o de vigas 403<\/span><\/p>\n<p><span style=\"font-weight: 400;\">13 Estabilidade de colunas 439<\/span><\/p>\n<p><span style=\"font-weight: 400;\">14 M\u00e9todos de energia 479<\/span><\/p>\n<p><span style=\"font-weight: 400;\">15 Elementos finitos para barras e treli\u00e7as 513<\/span><\/p>\n<p><span style=\"font-weight: 400;\">16 Elementos finitos para vigas 543<\/span><\/p>\n<p><span style=\"font-weight: 400;\">17 Ap\u00eandices\u00a0<\/span><\/p>\n<p><span style=\"font-weight: 400;\">17.1 F\u00f3rmulas para vigas<\/span><\/p>\n<p><span style=\"font-weight: 400;\">17.2 Solu\u00e7\u00e3o de equa\u00e7\u00f5es diferenciais ordin\u00e1rias de 2a ordem .<\/span><\/p>\n<p><span style=\"font-weight: 400;\">17.2.1 Solu\u00e7\u00e3o particular<\/span><\/p>\n<p><span style=\"font-weight: 400;\">17.3 Fatores de concentra\u00e7\u00e3o de tens\u00f5es\u00a0<\/span><\/p>\n<p><span style=\"font-weight: 400;\">17.4 Solu\u00e7\u00e3o de exerc\u00edcios selecionados\u00a0<\/span><\/p>\n<p><span style=\"font-weight: 400;\">Bibliografia\u00a0<\/span><\/p>\n","protected":false},"excerpt":{"rendered":"<p>LIVRO : Resist\u00eancia dos Materiais e Fundamentos de Mec\u00e2nica dos S\u00f3lidos &#8211; Vers\u00e3o beta \u2013 Parte 2 364 p\u00e1ginas. Cap\u00edtulos 10 a 17. LIVRO : Resist\u00eancia dos Materiais e Fundamentos de Mec\u00e2nica dos S\u00f3lidos &#8211; Vers\u00e3o beta PARTE 2. 614 p\u00e1ginas. &nbsp; Lista de conte\u00fado: Prefacio\u00a0 10 Carregamentos combinados 333 11 * Aplica\u00e7\u00f5es de elasticidade &hellip; <\/p>\n","protected":false},"featured_media":62,"comment_status":"open","ping_status":"closed","template":"","meta":[],"class_list":{"0":"post-77","1":"product","2":"type-product","3":"status-publish","4":"has-post-thumbnail","6":"product_cat-uncategorized","7":"latest_post","9":"first","10":"instock","11":"shipping-taxable","12":"purchasable","13":"product-type-simple"},"_links":{"self":[{"href":"https:\/\/ebook.editoraorsamaggiore.com.br\/index.php?rest_route=\/wp\/v2\/product\/77","targetHints":{"allow":["GET"]}}],"collection":[{"href":"https:\/\/ebook.editoraorsamaggiore.com.br\/index.php?rest_route=\/wp\/v2\/product"}],"about":[{"href":"https:\/\/ebook.editoraorsamaggiore.com.br\/index.php?rest_route=\/wp\/v2\/types\/product"}],"replies":[{"embeddable":true,"href":"https:\/\/ebook.editoraorsamaggiore.com.br\/index.php?rest_route=%2Fwp%2Fv2%2Fcomments&post=77"}],"wp:featuredmedia":[{"embeddable":true,"href":"https:\/\/ebook.editoraorsamaggiore.com.br\/index.php?rest_route=\/wp\/v2\/media\/62"}],"wp:attachment":[{"href":"https:\/\/ebook.editoraorsamaggiore.com.br\/index.php?rest_route=%2Fwp%2Fv2%2Fmedia&parent=77"}],"curies":[{"name":"wp","href":"https:\/\/api.w.org\/{rel}","templated":true}]}}