{"id":78,"date":"2020-08-24T15:06:42","date_gmt":"2020-08-24T18:06:42","guid":{"rendered":"https:\/\/ebook.editoraorsamaggiore.com.br\/?post_type=product&#038;p=78"},"modified":"2025-05-22T18:18:19","modified_gmt":"2025-05-22T21:18:19","slug":"o-metodo-de-elementos-finitos-aplicado-a-mecanica-dos-solidos-parte-1","status":"publish","type":"product","link":"https:\/\/ebook.editoraorsamaggiore.com.br\/?product=o-metodo-de-elementos-finitos-aplicado-a-mecanica-dos-solidos-parte-1","title":{"rendered":"O M\u00e9todo de Elementos Finitos aplicado \u00e0 Mec\u00e2nica dos S\u00f3lidos &#8211; Parte 1"},"content":{"rendered":"<p>LIVRO Elementos Finitos \u2013 Parte 1<br \/>\n271 p\u00e1ginas. Cap\u00edtulos 1 a 8.<br \/>\nAmostra de p\u00e1ginas dos cap\u00edtulos: https:\/\/www.editoraorsamaggiore.com.br\/<\/p>\n<p>Lista de conte\u00fado:<br \/>\nPref\u00e1cio<br \/>\nLista de s\u00edmbolos<br \/>\nI Introdu\u00e7\u00e3o \u00e0 Mec\u00e2nica do Cont\u00ednuo<br \/>\n1 Conceitos matem\u00e1ticos preliminares<br \/>\n2 Tens\u00f5es &#8211; equa\u00e7\u00f5es de equil\u00edbrio<br \/>\n3 An\u00e1lise de deforma\u00e7\u00f5es &#8211; equa\u00e7\u00f5es cinem\u00e1ticas<br \/>\n4 Comportamento do material &#8211; equa\u00e7\u00f5es constitutivas<br \/>\nII O MEF Aplicado \u00e0 Mec\u00e2nica dos S\u00f3lidos<br \/>\n5 An\u00e1lise matricial &#8211; modelo de barras<br \/>\n6 An\u00e1lise matricial &#8211; modelo de viga<\/p>\n<p>7 Conceito de aproxima\u00e7\u00e3o por elementos finitos<br \/>\n8 Tecnologia de elementos finitos I<br \/>\nBibliografia<br \/>\n\u00cdndice Remissivo<\/p>\n","protected":false},"excerpt":{"rendered":"<p>LIVRO Elementos Finitos \u2013 Parte 1 271 p\u00e1ginas. Cap\u00edtulos 1 a 8. Amostra de p\u00e1ginas dos cap\u00edtulos: https:\/\/www.editoraorsamaggiore.com.br\/ Lista de conte\u00fado: Pref\u00e1cio Lista de s\u00edmbolos I Introdu\u00e7\u00e3o \u00e0 Mec\u00e2nica do Cont\u00ednuo 1 Conceitos matem\u00e1ticos preliminares 2 Tens\u00f5es &#8211; equa\u00e7\u00f5es de equil\u00edbrio 3 An\u00e1lise de deforma\u00e7\u00f5es &#8211; equa\u00e7\u00f5es cinem\u00e1ticas 4 Comportamento do material &#8211; equa\u00e7\u00f5es constitutivas &hellip; <\/p>\n","protected":false},"featured_media":47,"comment_status":"open","ping_status":"closed","template":"","meta":[],"class_list":{"0":"post-78","1":"product","2":"type-product","3":"status-publish","4":"has-post-thumbnail","6":"product_cat-uncategorized","7":"latest_post","9":"first","10":"instock","11":"shipping-taxable","12":"purchasable","13":"product-type-simple"},"_links":{"self":[{"href":"https:\/\/ebook.editoraorsamaggiore.com.br\/index.php?rest_route=\/wp\/v2\/product\/78","targetHints":{"allow":["GET"]}}],"collection":[{"href":"https:\/\/ebook.editoraorsamaggiore.com.br\/index.php?rest_route=\/wp\/v2\/product"}],"about":[{"href":"https:\/\/ebook.editoraorsamaggiore.com.br\/index.php?rest_route=\/wp\/v2\/types\/product"}],"replies":[{"embeddable":true,"href":"https:\/\/ebook.editoraorsamaggiore.com.br\/index.php?rest_route=%2Fwp%2Fv2%2Fcomments&post=78"}],"wp:featuredmedia":[{"embeddable":true,"href":"https:\/\/ebook.editoraorsamaggiore.com.br\/index.php?rest_route=\/wp\/v2\/media\/47"}],"wp:attachment":[{"href":"https:\/\/ebook.editoraorsamaggiore.com.br\/index.php?rest_route=%2Fwp%2Fv2%2Fmedia&parent=78"}],"curies":[{"name":"wp","href":"https:\/\/api.w.org\/{rel}","templated":true}]}}