{"id":79,"date":"2020-08-24T15:07:06","date_gmt":"2020-08-24T18:07:06","guid":{"rendered":"https:\/\/ebook.editoraorsamaggiore.com.br\/?post_type=product&#038;p=79"},"modified":"2021-05-04T02:44:38","modified_gmt":"2021-05-04T05:44:38","slug":"o-metodo-de-elementos-finitos-aplicado-a-mecanica-dos-solidos-parte-2","status":"publish","type":"product","link":"https:\/\/ebook.editoraorsamaggiore.com.br\/?product=o-metodo-de-elementos-finitos-aplicado-a-mecanica-dos-solidos-parte-2","title":{"rendered":"O M\u00e9todo de Elementos Finitos aplicado \u00e0 Mec\u00e2nica dos S\u00f3lidos &#8211; Parte 2"},"content":{"rendered":"<p><span style=\"font-weight: 400;\">LIVRO Elementos Finitos \u2013 Parte 2<\/span><\/p>\n<p><span style=\"font-weight: 400;\">477 p\u00e1ginas. Cap\u00edtulos 9 a 23<\/span><\/p>\n<p><span style=\"font-weight: 400;\">Amostra de p\u00e1ginas dos cap\u00edtulos: https:\/\/editoraorsamaggiore.com.br<\/span><\/p>\n<p>&nbsp;<\/p>\n<p><span style=\"font-weight: 400;\">Lista de conte\u00fado:<\/span><\/p>\n<p><span style=\"font-weight: 400;\">Pref\u00e1cio\u00a0<\/span><\/p>\n<p><span style=\"font-weight: 400;\">Lista de s\u00edmbolos\u00a0<\/span><\/p>\n<p><span style=\"font-weight: 400;\">9 Tecnologia de elementos finitos II\u00a0<\/span><\/p>\n<p><span style=\"font-weight: 400;\">10 Condi\u00e7\u00f5es de restri\u00e7\u00f5es\u00a0<\/span><\/p>\n<p><span style=\"font-weight: 400;\">11 <\/span><span style=\"font-weight: 400;\">Locking, patch test\u00a0<\/span><\/p>\n<p><span style=\"font-weight: 400;\">12 Opera\u00e7\u00f5es matriciais no MEF\u00a0<\/span><\/p>\n<p><span style=\"font-weight: 400;\">13 Transfer\u00eancia de calor pelo MEF\u00a0<\/span><\/p>\n<p><span style=\"font-weight: 400;\">14 Propriedades matem\u00e1ticas b\u00e1sicas do MEF\u00a0<\/span><\/p>\n<p><span style=\"font-weight: 400;\">III An\u00e1lise mec\u00e2nica\u00a0<\/span><\/p>\n<p><span style=\"font-weight: 400;\">15 Modelo de placas\u00a0<\/span><\/p>\n<p><span style=\"font-weight: 400;\">16 MEF para materiais compostos laminados\u00a0<\/span><\/p>\n<p><span style=\"font-weight: 400;\">17 Vibra\u00e7\u00f5es em sistemas de 1 grau de liberdade\u00a0<\/span><\/p>\n<p><span style=\"font-weight: 400;\">18 Elementos finitos em din\u00e2mica\u00a0<\/span><\/p>\n<p><span style=\"font-weight: 400;\">19 M\u00e9todo de sobreposi\u00e7\u00e3o modal\u00a0<\/span><\/p>\n<p><span style=\"font-weight: 400;\">20 Redu\u00e7\u00e3o matricial e resposta harm\u00f4nica\u00a0<\/span><\/p>\n<p><span style=\"font-weight: 400;\">21 M\u00e9todos de integra\u00e7\u00e3o direta\u00a0<\/span><\/p>\n<p><span style=\"font-weight: 400;\">22 Plasticidade cl\u00e1ssica\u00a0<\/span><\/p>\n<p><span style=\"font-weight: 400;\">23 M\u00e9todos num\u00e9ricos para autovalores\u00a0<\/span><\/p>\n<p><span style=\"font-weight: 400;\">Bibliografia\u00a0<\/span><\/p>\n<p><span style=\"font-weight: 400;\">\u00cdndice Remissivo<\/span><\/p>\n","protected":false},"excerpt":{"rendered":"<p>LIVRO Elementos Finitos \u2013 Parte 2 477 p\u00e1ginas. Cap\u00edtulos 9 a 23 Amostra de p\u00e1ginas dos cap\u00edtulos: https:\/\/editoraorsamaggiore.com.br &nbsp; Lista de conte\u00fado: Pref\u00e1cio\u00a0 Lista de s\u00edmbolos\u00a0 9 Tecnologia de elementos finitos II\u00a0 10 Condi\u00e7\u00f5es de restri\u00e7\u00f5es\u00a0 11 Locking, patch test\u00a0 12 Opera\u00e7\u00f5es matriciais no MEF\u00a0 13 Transfer\u00eancia de calor pelo MEF\u00a0 14 Propriedades matem\u00e1ticas b\u00e1sicas &hellip; <\/p>\n","protected":false},"featured_media":47,"comment_status":"open","ping_status":"closed","template":"","meta":[],"class_list":{"0":"post-79","1":"product","2":"type-product","3":"status-publish","4":"has-post-thumbnail","6":"product_cat-uncategorized","7":"latest_post","9":"first","10":"instock","11":"shipping-taxable","12":"purchasable","13":"product-type-simple"},"_links":{"self":[{"href":"https:\/\/ebook.editoraorsamaggiore.com.br\/index.php?rest_route=\/wp\/v2\/product\/79","targetHints":{"allow":["GET"]}}],"collection":[{"href":"https:\/\/ebook.editoraorsamaggiore.com.br\/index.php?rest_route=\/wp\/v2\/product"}],"about":[{"href":"https:\/\/ebook.editoraorsamaggiore.com.br\/index.php?rest_route=\/wp\/v2\/types\/product"}],"replies":[{"embeddable":true,"href":"https:\/\/ebook.editoraorsamaggiore.com.br\/index.php?rest_route=%2Fwp%2Fv2%2Fcomments&post=79"}],"wp:featuredmedia":[{"embeddable":true,"href":"https:\/\/ebook.editoraorsamaggiore.com.br\/index.php?rest_route=\/wp\/v2\/media\/47"}],"wp:attachment":[{"href":"https:\/\/ebook.editoraorsamaggiore.com.br\/index.php?rest_route=%2Fwp%2Fv2%2Fmedia&parent=79"}],"curies":[{"name":"wp","href":"https:\/\/api.w.org\/{rel}","templated":true}]}}